{"id":841,"date":"2023-08-04T16:06:09","date_gmt":"2023-08-04T16:06:09","guid":{"rendered":"https:\/\/data4success.de\/?page_id=841"},"modified":"2026-01-17T14:03:01","modified_gmt":"2026-01-17T13:03:01","slug":"we-search-consultants-business-intelligence","status":"publish","type":"page","link":"https:\/\/data4success.de\/en\/we-search-consultants-business-intelligence\/","title":{"rendered":"Career - your success"},"content":{"rendered":"\t\t<div data-elementor-type=\"wp-page\" data-elementor-id=\"841\" class=\"elementor elementor-841\" data-elementor-post-type=\"page\">\n\t\t\t\t\t\t<section class=\"elementor-section elementor-top-section elementor-element elementor-element-78ed988 elementor-section-boxed elementor-section-height-default elementor-section-height-default\" data-id=\"78ed988\" data-element_type=\"section\" data-e-type=\"section\" data-settings=\"{&quot;background_background&quot;:&quot;video&quot;,&quot;background_video_link&quot;:&quot;https:\\\/\\\/data4success.de\\\/wp-content\\\/uploads\\\/2023\\\/07\\\/AdobeStock_358884097_1MB-2.mp4&quot;,&quot;background_play_on_mobile&quot;:&quot;yes&quot;,&quot;background_video_start&quot;:0,&quot;background_motion_fx_scale_effect&quot;:&quot;yes&quot;,&quot;background_motion_fx_scale_direction&quot;:&quot;out-in&quot;,&quot;background_motion_fx_scale_speed&quot;:{&quot;unit&quot;:&quot;px&quot;,&quot;size&quot;:4,&quot;sizes&quot;:[]},&quot;background_motion_fx_scale_range&quot;:{&quot;unit&quot;:&quot;%&quot;,&quot;size&quot;:&quot;&quot;,&quot;sizes&quot;:{&quot;start&quot;:20,&quot;end&quot;:80}},&quot;background_motion_fx_devices&quot;:[&quot;desktop&quot;,&quot;tablet&quot;,&quot;mobile&quot;]}\">\n\t\t\t\t\t\t\t\t<div class=\"elementor-background-video-container\">\n\t\t\t\t\t\t\t\t\t\t\t\t\t<video class=\"elementor-background-video-hosted\" role=\"presentation\" autoplay muted playsinline loop><\/video>\n\t\t\t\t\t\t\t\t\t\t\t<\/div>\n\t\t\t\t\t\t\t\t\t<div class=\"elementor-background-overlay\"><\/div>\n\t\t\t\t\t\t\t<div class=\"elementor-container elementor-column-gap-default\">\n\t\t\t\t\t<div class=\"elementor-column elementor-col-100 elementor-top-column elementor-element elementor-element-3b6a0af\" data-id=\"3b6a0af\" data-element_type=\"column\" data-e-type=\"column\">\n\t\t\t<div class=\"elementor-widget-wrap elementor-element-populated\">\n\t\t\t\t\t\t<div class=\"elementor-element elementor-element-8dbcbd9 elementor-invisible elementor-widget elementor-widget-heading\" data-id=\"8dbcbd9\" data-element_type=\"widget\" data-e-type=\"widget\" data-settings=\"{&quot;_animation&quot;:&quot;zoomIn&quot;}\" data-widget_type=\"heading.default\">\n\t\t\t\t<div class=\"elementor-widget-container\">\n\t\t\t\t\t<h1 class=\"elementor-heading-title elementor-size-default\">Karriere \u2013 your success<\/h1>\t\t\t\t<\/div>\n\t\t\t\t<\/div>\n\t\t\t\t\t<\/div>\n\t\t<\/div>\n\t\t\t\t\t<\/div>\n\t\t<\/section>\n\t\t\t\t<section class=\"elementor-section elementor-top-section elementor-element elementor-element-d294be1 elementor-section-boxed elementor-section-height-default elementor-section-height-default\" data-id=\"d294be1\" data-element_type=\"section\" data-e-type=\"section\">\n\t\t\t\t\t\t<div class=\"elementor-container elementor-column-gap-default\">\n\t\t\t\t\t<div class=\"elementor-column elementor-col-100 elementor-top-column elementor-element elementor-element-5d06dbb\" data-id=\"5d06dbb\" data-element_type=\"column\" data-e-type=\"column\">\n\t\t\t<div class=\"elementor-widget-wrap elementor-element-populated\">\n\t\t\t\t\t\t<div class=\"elementor-element elementor-element-be3e87e elementor-widget elementor-widget-text-editor\" data-id=\"be3e87e\" data-element_type=\"widget\" data-e-type=\"widget\" data-widget_type=\"text-editor.default\">\n\t\t\t\t<div class=\"elementor-widget-container\">\n\t\t\t\t\t\t\t\t\t<p>Daten und Zahlen sind deine Leidenschaft? Dann wirst du mit uns gemeinsam erfolgreich sein, denn Informationen sind das Gold des 21. Jahrhunderts.<\/p><p><a href=\"https:\/\/data4success.de\/uni-fertig-wir-machen-dich-zum-berater-business-intelligence-m-w-d-mit-50-mehr-wochenende\/\" data-type=\"page\" data-id=\"1207\">Gute <strong>Uni-Absolventen<\/strong><\/a> beliebiger Fachrichtungen, die eine Leidenschaft f\u00fcr Daten teilen, sind bei uns willkommen. Wir bringen euch im Intensivtraining on-the-job bei, wie ihr mit Datenauswertungen in Unternehmen Transparenz schaffen k\u00f6nnt. Ihr lernt von uns, mit Werkzeugen wie SQL und Microsoft Power BI Meisterwerke zu schaffen. Ihr werdet von uns individuell zum <strong>Berater Business Intelligence (m\/w\/d)<\/strong> weitergebildet, und lernt, wie man Unternehmen Millionen einspart.<\/p><p>Oder du bist bereits <strong>erfahrener SQL-Entwickler<\/strong>, und suchst nach einem kundennahen Job, in dem du den Business Impact deiner Arbeit f\u00f6rmlich sp\u00fcren kannst? Wir machen dich zum Profi f\u00fcr Business Intelligence, und reichern deine SQL-Kenntnisse noch um Dashboards, Reports und visuelle Auswertungen aus Business-Perspektive an.<\/p><p>Besonderes Highlight: Wenn du <strong>50% mehr Wochenende<\/strong> m\u00f6chtest, kannst du dich auch f\u00fcr eine 4-Tage-Woche entscheiden! Denn der Kern unserer Arbeit besteht darin, dass wir immer klar denken und gute Ideen haben.<\/p><p>Wir sitzen in Eschborn (nahe Frankfurt am Main). Euer Arbeitsort teilt sich auf zwischen unserem B\u00fcro, Kunden im Rhein-Main-Gebiet und dem Homeoffice. Jeder bekommt ein HP EliteBook, ein iPhone sowie auf Wunsch auch ein RMV-Ticket.<\/p><p>Interessiert? Dann schreibt jetzt an <a href=\"mailto:karriere@data4success.de\">karriere@data4success.de<\/a>. Anstatt gro\u00dfer Bewerbungsunterlagen k\u00f6nnen wir auch einfach mal zusammen essen gehen.<\/p>\t\t\t\t\t\t\t\t<\/div>\n\t\t\t\t<\/div>\n\t\t\t\t\t<\/div>\n\t\t<\/div>\n\t\t\t\t\t<\/div>\n\t\t<\/section>\n\t\t\t\t<\/div>\n\t\t","protected":false},"excerpt":{"rendered":"<p>Karriere \u2013 your success Daten und Zahlen sind deine Leidenschaft? Dann wirst du mit uns gemeinsam erfolgreich sein, denn Informationen sind das Gold des 21. Jahrhunderts. Gute Uni-Absolventen beliebiger Fachrichtungen, die eine Leidenschaft f\u00fcr Daten teilen, sind bei uns willkommen. Wir bringen euch im Intensivtraining on-the-job bei, wie ihr mit Datenauswertungen in Unternehmen Transparenz schaffen [&hellip;]<\/p>\n","protected":false},"author":4,"featured_media":0,"parent":0,"menu_order":0,"comment_status":"closed","ping_status":"closed","template":"elementor_theme","meta":{"footnotes":""},"class_list":["post-841","page","type-page","status-publish","hentry"],"_links":{"self":[{"href":"https:\/\/data4success.de\/en\/wp-json\/wp\/v2\/pages\/841","targetHints":{"allow":["GET"]}}],"collection":[{"href":"https:\/\/data4success.de\/en\/wp-json\/wp\/v2\/pages"}],"about":[{"href":"https:\/\/data4success.de\/en\/wp-json\/wp\/v2\/types\/page"}],"author":[{"embeddable":true,"href":"https:\/\/data4success.de\/en\/wp-json\/wp\/v2\/users\/4"}],"replies":[{"embeddable":true,"href":"https:\/\/data4success.de\/en\/wp-json\/wp\/v2\/comments?post=841"}],"version-history":[{"count":32,"href":"https:\/\/data4success.de\/en\/wp-json\/wp\/v2\/pages\/841\/revisions"}],"predecessor-version":[{"id":4821,"href":"https:\/\/data4success.de\/en\/wp-json\/wp\/v2\/pages\/841\/revisions\/4821"}],"wp:attachment":[{"href":"https:\/\/data4success.de\/en\/wp-json\/wp\/v2\/media?parent=841"}],"curies":[{"name":"wp","href":"https:\/\/api.w.org\/{rel}","templated":true}]}}