{"id":4399,"date":"2025-01-08T10:08:49","date_gmt":"2025-01-08T09:08:49","guid":{"rendered":"https:\/\/data4success.de\/?page_id=4399"},"modified":"2025-01-09T11:42:48","modified_gmt":"2025-01-09T10:42:48","slug":"standard-reports","status":"publish","type":"page","link":"https:\/\/data4success.de\/en\/standard-reports\/","title":{"rendered":"Standard reports"},"content":{"rendered":"<div data-elementor-type=\"wp-page\" data-elementor-id=\"4399\" class=\"elementor elementor-4399\" data-elementor-post-type=\"page\">\n\t\t\t\t\t\t<section class=\"elementor-section elementor-top-section elementor-element elementor-element-0186527 elementor-section-boxed elementor-section-height-default elementor-section-height-default\" data-id=\"0186527\" data-element_type=\"section\" data-e-type=\"section\">\n\t\t\t\t\t\t<div class=\"elementor-container elementor-column-gap-default\">\n\t\t\t\t\t<div class=\"elementor-column elementor-col-100 elementor-top-column elementor-element elementor-element-3e2a0d2\" data-id=\"3e2a0d2\" data-element_type=\"column\" data-e-type=\"column\">\n\t\t\t<div class=\"elementor-widget-wrap\">\n\t\t\t\t\t\t\t<\/div>\n\t\t<\/div>\n\t\t\t\t\t<\/div>\n\t\t<\/section>\n\t\t\t\t<section class=\"elementor-section elementor-top-section elementor-element elementor-element-f02871b elementor-section-boxed elementor-section-height-default elementor-section-height-default\" data-id=\"f02871b\" data-element_type=\"section\" data-e-type=\"section\">\n\t\t\t\t\t\t<div class=\"elementor-container elementor-column-gap-default\">\n\t\t\t\t\t<div class=\"elementor-column elementor-col-100 elementor-top-column elementor-element elementor-element-935f529\" data-id=\"935f529\" data-element_type=\"column\" data-e-type=\"column\">\n\t\t\t<div class=\"elementor-widget-wrap elementor-element-populated\">\n\t\t\t\t\t\t<div class=\"elementor-element elementor-element-bb36818 elementor-widget elementor-widget-heading\" data-id=\"bb36818\" data-element_type=\"widget\" data-e-type=\"widget\" data-widget_type=\"heading.default\">\n\t\t\t\t<div class=\"elementor-widget-container\">\n\t\t\t\t\t<h2 class=\"elementor-heading-title elementor-size-default\">Standard reports<\/h2>\t\t\t\t<\/div>\n\t\t\t\t<\/div>\n\t\t\t\t\t<\/div>\n\t\t<\/div>\n\t\t\t\t\t<\/div>\n\t\t<\/section>\n\t\t\t\t<section class=\"elementor-section elementor-top-section elementor-element elementor-element-3388928 elementor-section-boxed elementor-section-height-default elementor-section-height-default\" data-id=\"3388928\" data-element_type=\"section\" data-e-type=\"section\">\n\t\t\t\t\t\t<div class=\"elementor-container elementor-column-gap-default\">\n\t\t\t\t\t<div class=\"elementor-column elementor-col-100 elementor-top-column elementor-element elementor-element-baba188\" data-id=\"baba188\" data-element_type=\"column\" data-e-type=\"column\">\n\t\t\t<div class=\"elementor-widget-wrap elementor-element-populated\">\n\t\t\t\t\t\t<div class=\"elementor-element elementor-element-37baf3d elementor-widget elementor-widget-text-editor\" data-id=\"37baf3d\" data-element_type=\"widget\" data-e-type=\"widget\" data-widget_type=\"text-editor.default\">\n\t\t\t\t<div class=\"elementor-widget-container\">\n\t\t\t\t\t\t\t\t\t<p><span data-contrast=\"auto\">Our standard reports offer<\/span><b><span data-contrast=\"auto\"> Cost-efficient solutions<\/span><\/b><span data-contrast=\"auto\"> for core requirements in the <\/span><b><span data-contrast=\"auto\">Distribution<\/span><\/b><span data-contrast=\"auto\"> and in the <\/span><b><span data-contrast=\"auto\">Finance<\/span><\/b><span data-contrast=\"auto\">.\u00a0<\/span>\u00a0<\/p><p><span data-contrast=\"auto\">Thanks to their standardized structure, they can be implemented quickly and are therefore ready for use in no time. They are ideal for companies that need a quick insight into their data without having to accept high customization costs. Cost predictability is guaranteed as the reports are offered at a fixed price.\u00a0<\/span>\u00a0<\/p><p><span data-contrast=\"auto\">Our standard reports offer cost-efficient solutions for core requirements in sales and finance.\u00a0<\/span>\u00a0<\/p>\t\t\t\t\t\t\t\t<\/div>\n\t\t\t\t<\/div>\n\t\t\t\t\t<\/div>\n\t\t<\/div>\n\t\t\t\t\t<\/div>\n\t\t<\/section>\n\t\t\t\t<section class=\"elementor-section elementor-top-section elementor-element elementor-element-997d927 elementor-section-boxed elementor-section-height-default elementor-section-height-default\" data-id=\"997d927\" data-element_type=\"section\" data-e-type=\"section\">\n\t\t\t\t\t\t<div class=\"elementor-container elementor-column-gap-default\">\n\t\t\t\t\t<div class=\"elementor-column elementor-col-100 elementor-top-column elementor-element elementor-element-87d6781\" data-id=\"87d6781\" data-element_type=\"column\" data-e-type=\"column\">\n\t\t\t<div class=\"elementor-widget-wrap elementor-element-populated\">\n\t\t\t\t\t\t<div class=\"elementor-element elementor-element-477d798 elementor-widget elementor-widget-text-editor\" data-id=\"477d798\" data-element_type=\"widget\" data-e-type=\"widget\" data-widget_type=\"text-editor.default\">\n\t\t\t\t<div class=\"elementor-widget-container\">\n\t\t\t\t\t\t\t\t\t<p><span data-contrast=\"auto\">Please note that individual adjustments are not included in the fixed price.\u00a0<\/span>\u00a0<\/p>\t\t\t\t\t\t\t\t<\/div>\n\t\t\t\t<\/div>\n\t\t\t\t<div class=\"elementor-element elementor-element-febd685 elementor-widget elementor-widget-text-editor\" data-id=\"febd685\" data-element_type=\"widget\" data-e-type=\"widget\" data-widget_type=\"text-editor.default\">\n\t\t\t\t<div class=\"elementor-widget-container\">\n\t\t\t\t\t\t\t\t\t<p><span data-contrast=\"auto\">We offer the following reports:<\/span>\u00a0<\/p>\t\t\t\t\t\t\t\t<\/div>\n\t\t\t\t<\/div>\n\t\t\t\t\t<\/div>\n\t\t<\/div>\n\t\t\t\t\t<\/div>\n\t\t<\/section>\n\t\t\t\t<section class=\"elementor-section elementor-top-section elementor-element elementor-element-71232b1 elementor-section-boxed elementor-section-height-default elementor-section-height-default\" data-id=\"71232b1\" data-element_type=\"section\" data-e-type=\"section\">\n\t\t\t\t\t\t<div class=\"elementor-container elementor-column-gap-default\">\n\t\t\t\t\t<div class=\"elementor-column elementor-col-100 elementor-top-column elementor-element elementor-element-654b75c\" data-id=\"654b75c\" data-element_type=\"column\" data-e-type=\"column\">\n\t\t\t<div class=\"elementor-widget-wrap elementor-element-populated\">\n\t\t\t\t\t\t<div class=\"elementor-element elementor-element-3aa4168 elementor-grid-3 elementor-grid-tablet-2 elementor-grid-mobile-1 elementor-posts--thumbnail-top elementor-card-shadow-yes elementor-posts__hover-gradient elementor-widget elementor-widget-posts\" data-id=\"3aa4168\" data-element_type=\"widget\" data-e-type=\"widget\" data-settings=\"{&quot;pagination_type&quot;:&quot;numbers&quot;,&quot;cards_columns&quot;:&quot;3&quot;,&quot;cards_columns_tablet&quot;:&quot;2&quot;,&quot;cards_columns_mobile&quot;:&quot;1&quot;,&quot;cards_row_gap&quot;:{&quot;unit&quot;:&quot;px&quot;,&quot;size&quot;:35,&quot;sizes&quot;:[]},&quot;cards_row_gap_tablet&quot;:{&quot;unit&quot;:&quot;px&quot;,&quot;size&quot;:&quot;&quot;,&quot;sizes&quot;:[]},&quot;cards_row_gap_mobile&quot;:{&quot;unit&quot;:&quot;px&quot;,&quot;size&quot;:&quot;&quot;,&quot;sizes&quot;:[]}}\" data-widget_type=\"posts.cards\">\n\t\t\t\t<div class=\"elementor-widget-container\">\n\t\t\t\t\t\t\t<div class=\"elementor-posts-container elementor-posts elementor-posts--skin-cards elementor-grid\" role=\"list\">\n\t\t\t\t<article class=\"elementor-post elementor-grid-item post-2741 page type-page status-publish has-post-thumbnail hentry\" role=\"listitem\">\n\t\t\t<div class=\"elementor-post__card\">\n\t\t\t\t<a class=\"elementor-post__thumbnail__link\" href=\"https:\/\/data4success.de\/en\/profit-and-loss\/\" tabindex=\"-1\" target=\"_blank\"><div class=\"elementor-post__thumbnail\"><img fetchpriority=\"high\" decoding=\"async\" width=\"300\" height=\"176\" src=\"https:\/\/data4success.de\/wp-content\/uploads\/2024\/05\/TitleImage-3-300x176.png\" class=\"attachment-medium size-medium wp-image-2983\" alt=\"\" srcset=\"https:\/\/data4success.de\/wp-content\/uploads\/2024\/05\/TitleImage-3-300x176.png 300w, https:\/\/data4success.de\/wp-content\/uploads\/2024\/05\/TitleImage-3-1024x601.png 1024w, https:\/\/data4success.de\/wp-content\/uploads\/2024\/05\/TitleImage-3-768x450.png 768w, https:\/\/data4success.de\/wp-content\/uploads\/2024\/05\/TitleImage-3-18x12.png 18w, https:\/\/data4success.de\/wp-content\/uploads\/2024\/05\/TitleImage-3.png 1347w\" sizes=\"(max-width: 300px) 100vw, 300px\" \/><\/div><\/a>\n\t\t\t\t<div class=\"elementor-post__text\">\n\t\t\t\t<h2 class=\"elementor-post__title\">\n\t\t\t<a href=\"https:\/\/data4success.de\/en\/profit-and-loss\/\" target=\"&quot;_blank&quot;\">\n\t\t\t\tProfit and loss statement with Power BI\t\t\t<\/a>\n\t\t<\/h2>\n\t\t\t\t<div class=\"elementor-post__excerpt\">\n\t\t\t<p>Profit and loss analysis with Power BI and Zebra BI Optimize your financial reporting with our modern reports for profit and loss statements (P&amp;L). Thanks to the integration<\/p>\n\t\t<\/div>\n\t\t\n\t\t<a class=\"elementor-post__read-more\" href=\"https:\/\/data4success.de\/en\/profit-and-loss\/\" aria-label=\"Read more about Profit and loss statement with Power BI\" tabindex=\"-1\" target=\"_blank\">\n\t\t\tRead More \"\t\t<\/a>\n\n\t\t\t\t<\/div>\n\t\t\t\t\t<\/div>\n\t\t<\/article>\n\t\t\t\t<article class=\"elementor-post elementor-grid-item post-3520 page type-page status-publish has-post-thumbnail hentry\" role=\"listitem\">\n\t\t\t<div class=\"elementor-post__card\">\n\t\t\t\t<a class=\"elementor-post__thumbnail__link\" href=\"https:\/\/data4success.de\/en\/price-analysis-with-powerbi\/\" tabindex=\"-1\" target=\"_blank\"><div class=\"elementor-post__thumbnail\"><img decoding=\"async\" width=\"300\" height=\"200\" src=\"https:\/\/data4success.de\/wp-content\/uploads\/2024\/09\/Preisanalyse-Seite-1-300x200.png\" class=\"attachment-medium size-medium wp-image-3542\" alt=\"\" srcset=\"https:\/\/data4success.de\/wp-content\/uploads\/2024\/09\/Preisanalyse-Seite-1-300x200.png 300w, https:\/\/data4success.de\/wp-content\/uploads\/2024\/09\/Preisanalyse-Seite-1-1024x682.png 1024w, https:\/\/data4success.de\/wp-content\/uploads\/2024\/09\/Preisanalyse-Seite-1-768x512.png 768w, https:\/\/data4success.de\/wp-content\/uploads\/2024\/09\/Preisanalyse-Seite-1-1536x1023.png 1536w, https:\/\/data4success.de\/wp-content\/uploads\/2024\/09\/Preisanalyse-Seite-1-18x12.png 18w, https:\/\/data4success.de\/wp-content\/uploads\/2024\/09\/Preisanalyse-Seite-1.png 1714w\" sizes=\"(max-width: 300px) 100vw, 300px\" \/><\/div><\/a>\n\t\t\t\t<div class=\"elementor-post__text\">\n\t\t\t\t<h2 class=\"elementor-post__title\">\n\t\t\t<a href=\"https:\/\/data4success.de\/en\/price-analysis-with-powerbi\/\" target=\"&quot;_blank&quot;\">\n\t\t\t\tPrice analysis with Power BI\t\t\t<\/a>\n\t\t<\/h2>\n\t\t\t\t<div class=\"elementor-post__excerpt\">\n\t\t\t<p>Increase margins with price analysis of your ERP Our pricing report offers you an unparalleled level of clarity and depth, as it is based on actual sales and purchase prices.<\/p>\n\t\t<\/div>\n\t\t\n\t\t<a class=\"elementor-post__read-more\" href=\"https:\/\/data4success.de\/en\/price-analysis-with-powerbi\/\" aria-label=\"Read more about Price analysis with Power BI\" tabindex=\"-1\" target=\"_blank\">\n\t\t\tRead More \"\t\t<\/a>\n\n\t\t\t\t<\/div>\n\t\t\t\t\t<\/div>\n\t\t<\/article>\n\t\t\t\t<article class=\"elementor-post elementor-grid-item post-2554 page type-page status-publish has-post-thumbnail hentry\" role=\"listitem\">\n\t\t\t<div class=\"elementor-post__card\">\n\t\t\t\t<a class=\"elementor-post__thumbnail__link\" href=\"https:\/\/data4success.de\/en\/zebra\/\" tabindex=\"-1\" target=\"_blank\"><div class=\"elementor-post__thumbnail\"><img decoding=\"async\" width=\"300\" height=\"158\" src=\"https:\/\/data4success.de\/wp-content\/uploads\/2023\/11\/Zebra-300x158.gif\" class=\"attachment-medium size-medium wp-image-2547\" alt=\"\" srcset=\"https:\/\/data4success.de\/wp-content\/uploads\/2023\/11\/Zebra-300x158.gif 300w, https:\/\/data4success.de\/wp-content\/uploads\/2023\/11\/Zebra-768x406.gif 768w, https:\/\/data4success.de\/wp-content\/uploads\/2023\/11\/Zebra-18x10.gif 18w\" sizes=\"(max-width: 300px) 100vw, 300px\" \/><\/div><\/a>\n\t\t\t\t<div class=\"elementor-post__text\">\n\t\t\t\t<h2 class=\"elementor-post__title\">\n\t\t\t<a href=\"https:\/\/data4success.de\/en\/zebra\/\" target=\"&quot;_blank&quot;\">\n\t\t\t\tSales reporting with Power BI\t\t\t<\/a>\n\t\t<\/h2>\n\t\t\t\t<div class=\"elementor-post__excerpt\">\n\t\t\t<p>Sales reporting with Power BI Try out this live dashboard hands-on, because seeing is believing. Click here on any product, customer name or month.<\/p>\n\t\t<\/div>\n\t\t\n\t\t<a class=\"elementor-post__read-more\" href=\"https:\/\/data4success.de\/en\/zebra\/\" aria-label=\"Read more about Sales reporting with Power BI\" tabindex=\"-1\" target=\"_blank\">\n\t\t\tRead More \"\t\t<\/a>\n\n\t\t\t\t<\/div>\n\t\t\t\t\t<\/div>\n\t\t<\/article>\n\t\t\t\t<\/div>\n\t\t\n\t\t\t\t\t\t<\/div>\n\t\t\t\t<\/div>\n\t\t\t\t\t<\/div>\n\t\t<\/div>\n\t\t\t\t\t<\/div>\n\t\t<\/section>\n\t\t\t\t<section class=\"elementor-section elementor-top-section elementor-element elementor-element-a7d7492 elementor-section-boxed elementor-section-height-default elementor-section-height-default\" data-id=\"a7d7492\" data-element_type=\"section\" data-e-type=\"section\">\n\t\t\t\t\t\t<div class=\"elementor-container elementor-column-gap-default\">\n\t\t\t\t\t<div class=\"elementor-column elementor-col-100 elementor-top-column elementor-element elementor-element-8f1d255\" data-id=\"8f1d255\" data-element_type=\"column\" data-e-type=\"column\">\n\t\t\t<div class=\"elementor-widget-wrap elementor-element-populated\">\n\t\t\t\t\t\t<div class=\"elementor-element elementor-element-2efe55d elementor-widget elementor-widget-text-editor\" data-id=\"2efe55d\" data-element_type=\"widget\" data-e-type=\"widget\" data-widget_type=\"text-editor.default\">\n\t\t\t\t<div class=\"elementor-widget-container\">\n\t\t\t\t\t\t\t\t\t<p>\u00a0<\/p><p><span data-contrast=\"auto\">We will be happy to answer your questions and discuss the implementation in a personal meeting.\u00a0<\/span>\u00a0<\/p><p><span data-contrast=\"auto\">Arrange a non-binding consultation directly <\/span><a href=\"https:\/\/data4success.de\/en\/contact\/\"><span data-contrast=\"auto\">Appointment<\/span><\/a><span data-contrast=\"auto\"> with our experts.<\/span>\u00a0<\/p>\t\t\t\t\t\t\t\t<\/div>\n\t\t\t\t<\/div>\n\t\t\t\t\t<\/div>\n\t\t<\/div>\n\t\t\t\t\t<\/div>\n\t\t<\/section>\n\t\t\t\t<\/div>","protected":false},"excerpt":{"rendered":"<p>Standard Reports Unsere Standardreports bieten kosteneffiziente L\u00f6sungen f\u00fcr Kernanforderungen im Vertrieb und im Finanzwesen.\u00a0\u00a0 Dank ihrer standardisierten Struktur k\u00f6nnen sie z\u00fcgig implementiert werden und sind somit zeitnah einsatzbereit. Sie sind ideal f\u00fcr Unternehmen, die einen schnellen Einblick in ihre Daten ben\u00f6tigen, ohne hohe Anpassungskosten in Kauf nehmen zu m\u00fcssen. Die Planbarkeit der Kosten ist garaniert, [&hellip;]<\/p>\n","protected":false},"author":4,"featured_media":0,"parent":0,"menu_order":0,"comment_status":"closed","ping_status":"closed","template":"","meta":{"footnotes":""},"class_list":["post-4399","page","type-page","status-publish","hentry"],"_links":{"self":[{"href":"https:\/\/data4success.de\/en\/wp-json\/wp\/v2\/pages\/4399","targetHints":{"allow":["GET"]}}],"collection":[{"href":"https:\/\/data4success.de\/en\/wp-json\/wp\/v2\/pages"}],"about":[{"href":"https:\/\/data4success.de\/en\/wp-json\/wp\/v2\/types\/page"}],"author":[{"embeddable":true,"href":"https:\/\/data4success.de\/en\/wp-json\/wp\/v2\/users\/4"}],"replies":[{"embeddable":true,"href":"https:\/\/data4success.de\/en\/wp-json\/wp\/v2\/comments?post=4399"}],"version-history":[{"count":10,"href":"https:\/\/data4success.de\/en\/wp-json\/wp\/v2\/pages\/4399\/revisions"}],"predecessor-version":[{"id":4957,"href":"https:\/\/data4success.de\/en\/wp-json\/wp\/v2\/pages\/4399\/revisions\/4957"}],"wp:attachment":[{"href":"https:\/\/data4success.de\/en\/wp-json\/wp\/v2\/media?parent=4399"}],"curies":[{"name":"wp","href":"https:\/\/api.w.org\/{rel}","templated":true}]}}