{"id":3010,"date":"2024-06-05T13:12:56","date_gmt":"2024-06-05T12:12:56","guid":{"rendered":"https:\/\/data4success.de\/?page_id=3010"},"modified":"2025-05-15T08:21:32","modified_gmt":"2025-05-15T07:21:32","slug":"qlikview-powerbi","status":"publish","type":"page","link":"https:\/\/data4success.de\/en\/qlikview-powerbi\/","title":{"rendered":"Replace QlikView with Power BI"},"content":{"rendered":"<div data-elementor-type=\"wp-page\" data-elementor-id=\"3010\" class=\"elementor elementor-3010\" data-elementor-post-type=\"page\">\n\t\t\t\t\t\t<section class=\"elementor-section elementor-top-section elementor-element elementor-element-e82584b elementor-section-boxed elementor-section-height-default elementor-section-height-default\" data-id=\"e82584b\" data-element_type=\"section\" data-e-type=\"section\">\n\t\t\t\t\t\t<div class=\"elementor-container elementor-column-gap-default\">\n\t\t\t\t\t<div class=\"elementor-column elementor-col-100 elementor-top-column elementor-element elementor-element-b24dccd\" data-id=\"b24dccd\" data-element_type=\"column\" data-e-type=\"column\">\n\t\t\t<div class=\"elementor-widget-wrap elementor-element-populated\">\n\t\t\t\t\t\t<div class=\"elementor-element elementor-element-e6b624b elementor-widget elementor-widget-image\" data-id=\"e6b624b\" data-element_type=\"widget\" data-e-type=\"widget\" data-widget_type=\"image.default\">\n\t\t\t\t<div class=\"elementor-widget-container\">\n\t\t\t\t\t\t\t\t\t\t\t\t\t\t\t<img fetchpriority=\"high\" decoding=\"async\" width=\"800\" height=\"230\" src=\"https:\/\/data4success.de\/wp-content\/uploads\/2024\/06\/QlikView-to-Power-BI-1024x295.png\" class=\"attachment-large size-large wp-image-3015\" alt=\"\" srcset=\"https:\/\/data4success.de\/wp-content\/uploads\/2024\/06\/QlikView-to-Power-BI-1024x295.png 1024w, https:\/\/data4success.de\/wp-content\/uploads\/2024\/06\/QlikView-to-Power-BI-300x86.png 300w, https:\/\/data4success.de\/wp-content\/uploads\/2024\/06\/QlikView-to-Power-BI-768x221.png 768w, https:\/\/data4success.de\/wp-content\/uploads\/2024\/06\/QlikView-to-Power-BI-18x5.png 18w, https:\/\/data4success.de\/wp-content\/uploads\/2024\/06\/QlikView-to-Power-BI.png 1076w\" sizes=\"(max-width: 800px) 100vw, 800px\" \/>\t\t\t\t\t\t\t\t\t\t\t\t\t\t\t<\/div>\n\t\t\t\t<\/div>\n\t\t\t\t\t<\/div>\n\t\t<\/div>\n\t\t\t\t\t<\/div>\n\t\t<\/section>\n\t\t\t\t<section class=\"elementor-section elementor-top-section elementor-element elementor-element-7ed737e elementor-section-boxed elementor-section-height-default elementor-section-height-default\" data-id=\"7ed737e\" data-element_type=\"section\" data-e-type=\"section\">\n\t\t\t\t\t\t<div class=\"elementor-container elementor-column-gap-default\">\n\t\t\t\t\t<div class=\"elementor-column elementor-col-100 elementor-top-column elementor-element elementor-element-7392a8d\" data-id=\"7392a8d\" data-element_type=\"column\" data-e-type=\"column\">\n\t\t\t<div class=\"elementor-widget-wrap elementor-element-populated\">\n\t\t\t\t\t\t<div class=\"elementor-element elementor-element-f2ec5be elementor-widget elementor-widget-heading\" data-id=\"f2ec5be\" data-element_type=\"widget\" data-e-type=\"widget\" data-widget_type=\"heading.default\">\n\t\t\t\t<div class=\"elementor-widget-container\">\n\t\t\t\t\t<h2 class=\"elementor-heading-title elementor-size-default\">Replacement of QlikView by Power BI<\/h2>\t\t\t\t<\/div>\n\t\t\t\t<\/div>\n\t\t\t\t\t<\/div>\n\t\t<\/div>\n\t\t\t\t\t<\/div>\n\t\t<\/section>\n\t\t\t\t<section class=\"elementor-section elementor-top-section elementor-element elementor-element-ddf17fc elementor-section-boxed elementor-section-height-default elementor-section-height-default\" data-id=\"ddf17fc\" data-element_type=\"section\" data-e-type=\"section\">\n\t\t\t\t\t\t<div class=\"elementor-container elementor-column-gap-default\">\n\t\t\t\t\t<div class=\"elementor-column elementor-col-100 elementor-top-column elementor-element elementor-element-de8c0b4\" data-id=\"de8c0b4\" data-element_type=\"column\" data-e-type=\"column\">\n\t\t\t<div class=\"elementor-widget-wrap elementor-element-populated\">\n\t\t\t\t\t\t<div class=\"elementor-element elementor-element-9a42187 elementor-widget elementor-widget-text-editor\" data-id=\"9a42187\" data-element_type=\"widget\" data-e-type=\"widget\" data-widget_type=\"text-editor.default\">\n\t\t\t\t<div class=\"elementor-widget-container\">\n\t\t\t\t\t\t\t\t\t<p>Between 2010 and 2015, many companies implemented their first comprehensive business intelligence (BI) system, often based on QlikView. At that time, QlikView was one of the best BI systems available on the market. From 2014, however, it was replaced by Tableau, which was more intuitive to use and offered better graphical analysis options. Between 2016 and 2018, Microsoft made a significant breakthrough with Power BI and has been continuously improving the tool ever since. Today, Power BI is considered one of the leading BI tools worldwide.<\/p>\t\t\t\t\t\t\t\t<\/div>\n\t\t\t\t<\/div>\n\t\t\t\t\t<\/div>\n\t\t<\/div>\n\t\t\t\t\t<\/div>\n\t\t<\/section>\n\t\t\t\t<section class=\"elementor-section elementor-top-section elementor-element elementor-element-e8b48a0 elementor-section-boxed elementor-section-height-default elementor-section-height-default\" data-id=\"e8b48a0\" data-element_type=\"section\" data-e-type=\"section\">\n\t\t\t\t\t\t<div class=\"elementor-container elementor-column-gap-default\">\n\t\t\t\t\t<div class=\"elementor-column elementor-col-100 elementor-top-column elementor-element elementor-element-ae45e1a\" data-id=\"ae45e1a\" data-element_type=\"column\" data-e-type=\"column\">\n\t\t\t<div class=\"elementor-widget-wrap elementor-element-populated\">\n\t\t\t\t\t\t<div class=\"elementor-element elementor-element-b49c057 elementor-widget elementor-widget-text-editor\" data-id=\"b49c057\" data-element_type=\"widget\" data-e-type=\"widget\" data-widget_type=\"text-editor.default\">\n\t\t\t\t<div class=\"elementor-widget-container\">\n\t\t\t\t\t\t\t\t\t<h3>What we do for you<\/h3>\t\t\t\t\t\t\t\t<\/div>\n\t\t\t\t<\/div>\n\t\t\t\t\t<\/div>\n\t\t<\/div>\n\t\t\t\t\t<\/div>\n\t\t<\/section>\n\t\t\t\t<section class=\"elementor-section elementor-top-section elementor-element elementor-element-f41a271 elementor-section-boxed elementor-section-height-default elementor-section-height-default\" data-id=\"f41a271\" data-element_type=\"section\" data-e-type=\"section\">\n\t\t\t\t\t\t<div class=\"elementor-container elementor-column-gap-default\">\n\t\t\t\t\t<div class=\"elementor-column elementor-col-100 elementor-top-column elementor-element elementor-element-7f7b130\" data-id=\"7f7b130\" data-element_type=\"column\" data-e-type=\"column\">\n\t\t\t<div class=\"elementor-widget-wrap elementor-element-populated\">\n\t\t\t\t\t\t<div class=\"elementor-element elementor-element-fa33588 elementor-widget elementor-widget-text-editor\" data-id=\"fa33588\" data-element_type=\"widget\" data-e-type=\"widget\" data-widget_type=\"text-editor.default\">\n\t\t\t\t<div class=\"elementor-widget-container\">\n\t\t\t\t\t\t\t\t\t<p>Our developers understand QlikView script in detail, and migrate it to Power BI and SQL Server. <b>Hundreds of QlikView reports<\/b> we have already successfully replaced in this way.<\/p><p>On request, we can also take over the maintenance of old stocks in the meantime.<\/p>\t\t\t\t\t\t\t\t<\/div>\n\t\t\t\t<\/div>\n\t\t\t\t\t<\/div>\n\t\t<\/div>\n\t\t\t\t\t<\/div>\n\t\t<\/section>\n\t\t\t\t<section class=\"elementor-section elementor-top-section elementor-element elementor-element-828e026 elementor-section-boxed elementor-section-height-default elementor-section-height-default\" data-id=\"828e026\" data-element_type=\"section\" data-e-type=\"section\">\n\t\t\t\t\t\t<div class=\"elementor-container elementor-column-gap-default\">\n\t\t\t\t\t<div class=\"elementor-column elementor-col-100 elementor-top-column elementor-element elementor-element-1925674\" data-id=\"1925674\" data-element_type=\"column\" data-e-type=\"column\">\n\t\t\t<div class=\"elementor-widget-wrap elementor-element-populated\">\n\t\t\t\t\t\t<div class=\"elementor-element elementor-element-c527041 elementor-widget elementor-widget-text-editor\" data-id=\"c527041\" data-element_type=\"widget\" data-e-type=\"widget\" data-widget_type=\"text-editor.default\">\n\t\t\t\t<div class=\"elementor-widget-container\">\n\t\t\t\t\t\t\t\t\t<h3>Challenges with QlikView<\/h3>\t\t\t\t\t\t\t\t<\/div>\n\t\t\t\t<\/div>\n\t\t\t\t\t<\/div>\n\t\t<\/div>\n\t\t\t\t\t<\/div>\n\t\t<\/section>\n\t\t\t\t<section class=\"elementor-section elementor-top-section elementor-element elementor-element-27eda88 elementor-section-boxed elementor-section-height-default elementor-section-height-default\" data-id=\"27eda88\" data-element_type=\"section\" data-e-type=\"section\">\n\t\t\t\t\t\t<div class=\"elementor-container elementor-column-gap-default\">\n\t\t\t\t\t<div class=\"elementor-column elementor-col-100 elementor-top-column elementor-element elementor-element-b51b2e2\" data-id=\"b51b2e2\" data-element_type=\"column\" data-e-type=\"column\">\n\t\t\t<div class=\"elementor-widget-wrap elementor-element-populated\">\n\t\t\t\t\t\t<div class=\"elementor-element elementor-element-c208f60 elementor-widget elementor-widget-text-editor\" data-id=\"c208f60\" data-element_type=\"widget\" data-e-type=\"widget\" data-widget_type=\"text-editor.default\">\n\t\t\t\t<div class=\"elementor-widget-container\">\n\t\t\t\t\t\t\t\t\t<p>Many companies in the German midmarket are still using QlikView, which can be a challenge due to the original implementations and grown infrastructures. QlikView scripts often rely on .qvd files to process data. When changes are made to the database or upgrades are made to ERP software such as ABAS or Dynamics (e.g. NAV, Business Central, AX, 365), the <b>Maintainability<\/b> often no longer exists. The original developers are often no longer available, which severely limits the adaptability of the reporting. <\/p>\t\t\t\t\t\t\t\t<\/div>\n\t\t\t\t<\/div>\n\t\t\t\t\t<\/div>\n\t\t<\/div>\n\t\t\t\t\t<\/div>\n\t\t<\/section>\n\t\t\t\t<section class=\"elementor-section elementor-top-section elementor-element elementor-element-fe58d59 elementor-section-boxed elementor-section-height-default elementor-section-height-default\" data-id=\"fe58d59\" data-element_type=\"section\" data-e-type=\"section\">\n\t\t\t\t\t\t<div class=\"elementor-container elementor-column-gap-default\">\n\t\t\t\t\t<div class=\"elementor-column elementor-col-100 elementor-top-column elementor-element elementor-element-fa785e7\" data-id=\"fa785e7\" data-element_type=\"column\" data-e-type=\"column\">\n\t\t\t<div class=\"elementor-widget-wrap elementor-element-populated\">\n\t\t\t\t\t\t<div class=\"elementor-element elementor-element-2ee0521 elementor-widget elementor-widget-text-editor\" data-id=\"2ee0521\" data-element_type=\"widget\" data-e-type=\"widget\" data-widget_type=\"text-editor.default\">\n\t\t\t\t<div class=\"elementor-widget-container\">\n\t\t\t\t\t\t\t\t\t<h3>Your migration path<\/h3>\t\t\t\t\t\t\t\t<\/div>\n\t\t\t\t<\/div>\n\t\t\t\t\t<\/div>\n\t\t<\/div>\n\t\t\t\t\t<\/div>\n\t\t<\/section>\n\t\t\t\t<section class=\"elementor-section elementor-top-section elementor-element elementor-element-ca2bb7b elementor-section-boxed elementor-section-height-default elementor-section-height-default\" data-id=\"ca2bb7b\" data-element_type=\"section\" data-e-type=\"section\">\n\t\t\t\t\t\t<div class=\"elementor-container elementor-column-gap-default\">\n\t\t\t\t\t<div class=\"elementor-column elementor-col-100 elementor-top-column elementor-element elementor-element-826e5ce\" data-id=\"826e5ce\" data-element_type=\"column\" data-e-type=\"column\">\n\t\t\t<div class=\"elementor-widget-wrap elementor-element-populated\">\n\t\t\t\t\t\t<div class=\"elementor-element elementor-element-e0f6f9b elementor-widget elementor-widget-text-editor\" data-id=\"e0f6f9b\" data-element_type=\"widget\" data-e-type=\"widget\" data-widget_type=\"text-editor.default\">\n\t\t\t\t<div class=\"elementor-widget-container\">\n\t\t\t\t\t\t\t\t\t<p>We have extensive experience in understanding existing QlikView infrastructures and reports and replacing them with modern solutions using Power BI and SQL Server. <b>replace<\/b>. Our migration path includes the following steps:<\/p>\t\t\t\t\t\t\t\t<\/div>\n\t\t\t\t<\/div>\n\t\t\t\t\t<\/div>\n\t\t<\/div>\n\t\t\t\t\t<\/div>\n\t\t<\/section>\n\t\t\t\t<section class=\"elementor-section elementor-top-section elementor-element elementor-element-6a7f735 elementor-section-boxed elementor-section-height-default elementor-section-height-default\" data-id=\"6a7f735\" data-element_type=\"section\" data-e-type=\"section\">\n\t\t\t\t\t\t<div class=\"elementor-container elementor-column-gap-default\">\n\t\t\t\t\t<div class=\"elementor-column elementor-col-100 elementor-top-column elementor-element elementor-element-a8d2d43\" data-id=\"a8d2d43\" data-element_type=\"column\" data-e-type=\"column\">\n\t\t\t<div class=\"elementor-widget-wrap elementor-element-populated\">\n\t\t\t\t\t\t<div class=\"elementor-element elementor-element-d41e06d elementor-widget elementor-widget-image\" data-id=\"d41e06d\" data-element_type=\"widget\" data-e-type=\"widget\" data-widget_type=\"image.default\">\n\t\t\t\t<div class=\"elementor-widget-container\">\n\t\t\t\t\t\t\t\t\t\t\t\t\t\t\t<img decoding=\"async\" width=\"800\" height=\"400\" src=\"https:\/\/data4success.de\/wp-content\/uploads\/2025\/05\/Flowchart-v2-1024x512.png\" class=\"attachment-large size-large wp-image-4565\" alt=\"\" srcset=\"https:\/\/data4success.de\/wp-content\/uploads\/2025\/05\/Flowchart-v2-1024x512.png 1024w, https:\/\/data4success.de\/wp-content\/uploads\/2025\/05\/Flowchart-v2-300x150.png 300w, https:\/\/data4success.de\/wp-content\/uploads\/2025\/05\/Flowchart-v2-768x384.png 768w, https:\/\/data4success.de\/wp-content\/uploads\/2025\/05\/Flowchart-v2-1536x768.png 1536w, https:\/\/data4success.de\/wp-content\/uploads\/2025\/05\/Flowchart-v2-18x9.png 18w, https:\/\/data4success.de\/wp-content\/uploads\/2025\/05\/Flowchart-v2.png 1875w\" sizes=\"(max-width: 800px) 100vw, 800px\" \/>\t\t\t\t\t\t\t\t\t\t\t\t\t\t\t<\/div>\n\t\t\t\t<\/div>\n\t\t\t\t\t<\/div>\n\t\t<\/div>\n\t\t\t\t\t<\/div>\n\t\t<\/section>\n\t\t\t\t<section class=\"elementor-section elementor-top-section elementor-element elementor-element-1e4ecb3 elementor-section-boxed elementor-section-height-default elementor-section-height-default\" data-id=\"1e4ecb3\" data-element_type=\"section\" data-e-type=\"section\">\n\t\t\t\t\t\t<div class=\"elementor-container elementor-column-gap-default\">\n\t\t\t\t\t<div class=\"elementor-column elementor-col-100 elementor-top-column elementor-element elementor-element-ee95d58\" data-id=\"ee95d58\" data-element_type=\"column\" data-e-type=\"column\">\n\t\t\t<div class=\"elementor-widget-wrap elementor-element-populated\">\n\t\t\t\t\t\t<div class=\"elementor-element elementor-element-3dc160e elementor-widget elementor-widget-text-editor\" data-id=\"3dc160e\" data-element_type=\"widget\" data-e-type=\"widget\" data-widget_type=\"text-editor.default\">\n\t\t\t\t<div class=\"elementor-widget-container\">\n\t\t\t\t\t\t\t\t\t<ol><li><strong>Analysis of the existing QlikView environment<\/strong>We analyze the existing QlikView scripts, reports and .qvw modeling structures in order to gain a comprehensive understanding of the current data. In doing so, we understand the technical background of the reports as well as the programming peculiarities.<\/li><li><strong>Gradual replacement<\/strong>We develop a detailed plan for the gradual replacement of QlikView reports with Power BI solutions, possibly combined with a data warehouse (DWH). We clarify the technical details with your specialist departments, scrutinize the current implementation, clarify prioritization and incorporate changes in the source data into the new concept.<\/li><li><strong>Data integration<\/strong>Our experts seamlessly integrate the data into the new Power BI environment, ensuring that all reports and dashboards meet your actual requirements of <i>today <\/i>correspond.<\/li><li><strong>Maintenance and support<\/strong>We also offer comprehensive maintenance and support services after the migration to ensure that your BI solutions run smoothly. We can ensure the maintenance of QlikView reports for the transition period and then provide ongoing support for the new Microsoft environment.<\/li><\/ol><div>\u00a0<\/div><div>You will find few developers on the market who understand both QlikView and the Microsoft world. Replacing QlikView with Power BI offers companies numerous advantages, including better integration, enhanced functionalities, <strong>Significant cost reduction<\/strong> by eliminating servers and QlikView licenses and simplifying maintenance. With our extensive experience and proven migration approach, we are your ideal partner for this transformation process.<\/div><div>\u00a0<\/div><div>Please feel free to arrange a non-binding <a href=\"https:\/\/data4success.de\/en\/contact\/\">Appointment<\/a> directly with our experts.<\/div><div>\u00a0<\/div><div>\u00a0<\/div>\t\t\t\t\t\t\t\t<\/div>\n\t\t\t\t<\/div>\n\t\t\t\t\t<\/div>\n\t\t<\/div>\n\t\t\t\t\t<\/div>\n\t\t<\/section>\n\t\t\t\t<\/div>","protected":false},"excerpt":{"rendered":"<p>Abl\u00f6sung von QlikView durch Power BI Zwischen 2010 und 2015 haben viele Unternehmen ihr erstes umfassendes Business Intelligence (BI)-System implementiert, h\u00e4ufig basierend auf QlikView. Zu dieser Zeit war QlikView eines der besten verf\u00fcgbaren BI-Systeme auf dem Markt. Ab 2014 wurde es jedoch von Tableau abgel\u00f6st, das intuitiver zu bedienen war und bessere grafische Auswertungsm\u00f6glichkeiten bot. [&hellip;]<\/p>\n","protected":false},"author":4,"featured_media":0,"parent":0,"menu_order":0,"comment_status":"closed","ping_status":"closed","template":"elementor_theme","meta":{"footnotes":""},"class_list":["post-3010","page","type-page","status-publish","hentry"],"_links":{"self":[{"href":"https:\/\/data4success.de\/en\/wp-json\/wp\/v2\/pages\/3010","targetHints":{"allow":["GET"]}}],"collection":[{"href":"https:\/\/data4success.de\/en\/wp-json\/wp\/v2\/pages"}],"about":[{"href":"https:\/\/data4success.de\/en\/wp-json\/wp\/v2\/types\/page"}],"author":[{"embeddable":true,"href":"https:\/\/data4success.de\/en\/wp-json\/wp\/v2\/users\/4"}],"replies":[{"embeddable":true,"href":"https:\/\/data4success.de\/en\/wp-json\/wp\/v2\/comments?post=3010"}],"version-history":[{"count":59,"href":"https:\/\/data4success.de\/en\/wp-json\/wp\/v2\/pages\/3010\/revisions"}],"predecessor-version":[{"id":4571,"href":"https:\/\/data4success.de\/en\/wp-json\/wp\/v2\/pages\/3010\/revisions\/4571"}],"wp:attachment":[{"href":"https:\/\/data4success.de\/en\/wp-json\/wp\/v2\/media?parent=3010"}],"curies":[{"name":"wp","href":"https:\/\/api.w.org\/{rel}","templated":true}]}}