{"id":2,"date":"2023-07-31T14:05:23","date_gmt":"2023-07-31T14:05:23","guid":{"rendered":"https:\/\/data4success.de\/?page_id=2"},"modified":"2024-06-25T16:33:27","modified_gmt":"2024-06-25T15:33:27","slug":"uni-finish-we-make-you-a-consultant-business-intelligence-m-w-with-50-more-weekends","status":"publish","type":"page","link":"https:\/\/data4success.de\/en\/uni-finish-we-make-you-a-consultant-business-intelligence-m-w-with-50-more-weekends\/","title":{"rendered":"University finished?"},"content":{"rendered":"\t\t<div data-elementor-type=\"wp-page\" data-elementor-id=\"2\" class=\"elementor elementor-2\" data-elementor-post-type=\"page\">\n\t\t\t\t\t\t<section class=\"elementor-section elementor-top-section elementor-element elementor-element-b335285 elementor-section-boxed elementor-section-height-default elementor-section-height-default\" data-id=\"b335285\" data-element_type=\"section\" data-e-type=\"section\" data-settings=\"{&quot;background_background&quot;:&quot;video&quot;,&quot;background_video_link&quot;:&quot;https:\\\/\\\/data4success.de\\\/wp-content\\\/uploads\\\/2023\\\/07\\\/AdobeStock_358884097_1MB-2.mp4&quot;,&quot;background_play_on_mobile&quot;:&quot;yes&quot;,&quot;background_video_start&quot;:0,&quot;background_motion_fx_scale_effect&quot;:&quot;yes&quot;,&quot;background_motion_fx_scale_direction&quot;:&quot;out-in&quot;,&quot;background_motion_fx_scale_speed&quot;:{&quot;unit&quot;:&quot;px&quot;,&quot;size&quot;:4,&quot;sizes&quot;:[]},&quot;background_motion_fx_scale_range&quot;:{&quot;unit&quot;:&quot;%&quot;,&quot;size&quot;:&quot;&quot;,&quot;sizes&quot;:{&quot;start&quot;:20,&quot;end&quot;:80}},&quot;background_motion_fx_devices&quot;:[&quot;desktop&quot;,&quot;tablet&quot;,&quot;mobile&quot;]}\">\n\t\t\t\t\t\t\t\t<div class=\"elementor-background-video-container\">\n\t\t\t\t\t\t\t\t\t\t\t\t\t<video class=\"elementor-background-video-hosted\" role=\"presentation\" autoplay muted playsinline loop><\/video>\n\t\t\t\t\t\t\t\t\t\t\t<\/div>\n\t\t\t\t\t\t\t\t\t<div class=\"elementor-background-overlay\"><\/div>\n\t\t\t\t\t\t\t<div class=\"elementor-container elementor-column-gap-default\">\n\t\t\t\t\t<div class=\"elementor-column elementor-col-100 elementor-top-column elementor-element elementor-element-4ca7ea5\" data-id=\"4ca7ea5\" data-element_type=\"column\" data-e-type=\"column\">\n\t\t\t<div class=\"elementor-widget-wrap elementor-element-populated\">\n\t\t\t\t\t\t<div class=\"elementor-element elementor-element-b1db58d elementor-invisible elementor-widget elementor-widget-heading\" data-id=\"b1db58d\" data-element_type=\"widget\" data-e-type=\"widget\" data-settings=\"{&quot;_animation&quot;:&quot;zoomIn&quot;}\" data-widget_type=\"heading.default\">\n\t\t\t\t<div class=\"elementor-widget-container\">\n\t\t\t\t\t<h1 class=\"elementor-heading-title elementor-size-large\">Uni fertig? Wir machen dich zum Berater Business Intelligence (m\/w\/d) mit 50% mehr Wochenende!<\/h1>\t\t\t\t<\/div>\n\t\t\t\t<\/div>\n\t\t\t\t\t<\/div>\n\t\t<\/div>\n\t\t\t\t\t<\/div>\n\t\t<\/section>\n\t\t\t\t<section class=\"elementor-section elementor-top-section elementor-element elementor-element-afa8023 elementor-section-boxed elementor-section-height-default elementor-section-height-default\" data-id=\"afa8023\" data-element_type=\"section\" data-e-type=\"section\">\n\t\t\t\t\t\t<div class=\"elementor-container elementor-column-gap-default\">\n\t\t\t\t\t<div class=\"elementor-column elementor-col-100 elementor-top-column elementor-element elementor-element-b46631d\" data-id=\"b46631d\" data-element_type=\"column\" data-e-type=\"column\">\n\t\t\t<div class=\"elementor-widget-wrap elementor-element-populated\">\n\t\t\t\t\t\t<div class=\"elementor-element elementor-element-818abf1 elementor-widget elementor-widget-html\" data-id=\"818abf1\" data-element_type=\"widget\" data-e-type=\"widget\" data-widget_type=\"html.default\">\n\t\t\t\t<div class=\"elementor-widget-container\">\n\t\t\t\t\t<script src=\"https:\/\/www.socialintents.com\/api\/chat\/socialintents.1.3.js#2c9fab358bdb7092018be229107a082b\" async=\"async\"><\/script>\t\t\t\t<\/div>\n\t\t\t\t<\/div>\n\t\t\t\t\t<\/div>\n\t\t<\/div>\n\t\t\t\t\t<\/div>\n\t\t<\/section>\n\t\t\t\t<section class=\"elementor-section elementor-top-section elementor-element elementor-element-991d5d2 elementor-section-boxed elementor-section-height-default elementor-section-height-default\" data-id=\"991d5d2\" data-element_type=\"section\" data-e-type=\"section\">\n\t\t\t\t\t\t<div class=\"elementor-container elementor-column-gap-default\">\n\t\t\t\t\t<div class=\"elementor-column elementor-col-100 elementor-top-column elementor-element elementor-element-73ec9cb\" data-id=\"73ec9cb\" data-element_type=\"column\" data-e-type=\"column\">\n\t\t\t<div class=\"elementor-widget-wrap elementor-element-populated\">\n\t\t\t\t\t\t<div class=\"elementor-element elementor-element-50f4264 elementor-widget elementor-widget-text-editor\" data-id=\"50f4264\" data-element_type=\"widget\" data-e-type=\"widget\" data-widget_type=\"text-editor.default\">\n\t\t\t\t<div class=\"elementor-widget-container\">\n\t\t\t\t\t\t\t\t\t<p>Daten und Zahlen sind deine Leidenschaft? Dann wirst du mit uns gemeinsam erfolgreich sein, denn Informationen sind das <strong>Gold<\/strong> des 21. Jahrhunderts. Wir schaffen bei renommierten Kunden Transparenz, indem wir Datenauswertungen automatisieren.<\/p>\n<h2>Aufgaben<\/h2>\n<p>Unsere Kunden haben ganz viele Daten, und du verschaffst ihnen den Durchblick. Du wirst Software programmieren, die den Inhalt von Millionen von Datens\u00e4tzen darstellt, sie visualisiert und auswertbar macht. Das sind Fragen wie:<\/p>\n<ul>\n<li>Wieviel Umsatz macht unsere Firma pro Standort?<\/li>\n<li>Mit welchen Produkten verdienen wir unser Geld?<\/li>\n<li>Wieviel Rohware m\u00fcssen wir heute kaufen, um in einem halben Jahr lieferf\u00e4hig zu sein?<\/li>\n<li>Wie zufrieden sind unsere Mitarbeiter?<\/li>\n<li>Um wieviel Kilo wurde unser Plastikverbrauch reduziert?<\/li>\n<\/ul>\n<p>Wir bringen euch im Intensivtraining on-the-job bei, wie ihr mit Datenauswertungen in Unternehmen Transparenz schaffen k\u00f6nnt. Ihr lernt von uns, mit Werkzeugen wie <strong>SQL<\/strong> und <strong>Microsoft Power BI<\/strong> Meisterwerke zu schaffen. Ihr werdet von uns individuell zum <strong>Berater Business Intelligence (m\/w\/d)<\/strong> weitergebildet, und lernt, wie man Unternehmen Millionen einspart.<\/p>\n<h2>Qualifikation<\/h2>\n<p><strong>Gute Uni-Absolventen<\/strong> beliebiger Fachrichtungen, die eine Leidenschaft f\u00fcr Daten teilen, sind bei uns willkommen. Ihr solltet eine mathematische Denkweise haben, und euch f\u00fcr betriebswirtschaftliche Zusammenh\u00e4nge interessieren. Bachelor-Absolventen sind auch willkommen. Deutsch solltet ihr flie\u00dfend sprechen und schreiben, auf Englisch solltet ihr euch unterhalten k\u00f6nnen. Vielleicht habt ihr ja auch schon einmal etwas programmiert.<\/p>\n<h2>Benefits<\/h2>\n<p>Besonderes Highlight: Wenn du <strong>50% mehr Wochenende<\/strong> m\u00f6chtest, kannst du dich optional f\u00fcr eine 4-Tage-Woche entscheiden! Denn der Kern unserer Arbeit besteht darin, dass wir immer klar denken und gute Ideen haben.<\/p>\n<p>Jeder bekommt ein HP EliteBook, ein iPhone sowie auf Wunsch auch ein RMV-Ticket.<\/p>\n<p>Wir sitzen in Eschborn (neben Frankfurt am Main). Euer Arbeitsort teilt sich auf zwischen unserem B\u00fcro, Kunden im Rhein-Main-Gebiet (derzeit v.a. Frankfurt) und dem Homeoffice.<\/p>\n<p>Anstatt gro\u00dfer Bewerbungsunterlagen k\u00f6nnen wir auch einfach mal zusammen essen gehen. Schreibt jetzt an <a href=\"mailto:karriere@data4success.de\">karriere@data4success.de<\/a> oder ruft an unter der +49 (0)6196 771-5787.<\/p>\t\t\t\t\t\t\t\t<\/div>\n\t\t\t\t<\/div>\n\t\t\t\t\t<\/div>\n\t\t<\/div>\n\t\t\t\t\t<\/div>\n\t\t<\/section>\n\t\t\t\t<section class=\"elementor-section elementor-top-section elementor-element elementor-element-9fa556a elementor-section-boxed elementor-section-height-default elementor-section-height-default\" data-id=\"9fa556a\" data-element_type=\"section\" data-e-type=\"section\">\n\t\t\t\t\t\t<div class=\"elementor-container elementor-column-gap-default\">\n\t\t\t\t\t<div class=\"elementor-column elementor-col-100 elementor-top-column elementor-element elementor-element-12baef3\" data-id=\"12baef3\" data-element_type=\"column\" data-e-type=\"column\">\n\t\t\t<div class=\"elementor-widget-wrap\">\n\t\t\t\t\t\t\t<\/div>\n\t\t<\/div>\n\t\t\t\t\t<\/div>\n\t\t<\/section>\n\t\t\t\t<section class=\"elementor-section elementor-top-section elementor-element elementor-element-b457ba2 elementor-section-boxed elementor-section-height-default elementor-section-height-default\" data-id=\"b457ba2\" data-element_type=\"section\" data-e-type=\"section\">\n\t\t\t\t\t\t<div class=\"elementor-container elementor-column-gap-default\">\n\t\t\t\t\t<div class=\"elementor-column elementor-col-100 elementor-top-column elementor-element elementor-element-ca72f82\" data-id=\"ca72f82\" data-element_type=\"column\" data-e-type=\"column\">\n\t\t\t<div class=\"elementor-widget-wrap elementor-element-populated\">\n\t\t\t\t\t\t<div class=\"elementor-element elementor-element-b7bc378 elementor-widget elementor-widget-html\" data-id=\"b7bc378\" data-element_type=\"widget\" data-e-type=\"widget\" data-widget_type=\"html.default\">\n\t\t\t\t<div class=\"elementor-widget-container\">\n\t\t\t\t\t\n<div id=\"join-widget\">\n        <script\n          defer\n          type=\"text\/javascript\"\n          data-mount-in=\"#join-widget\"\n          src=\"https:\/\/join.com\/api\/widget\/bundle\/eyJhbGciOiJIUzI1NiIsInR5cCI6IkpXVCJ9.eyJzZXR0aW5ncyI6eyJzaG93Q2F0ZWdvcnlGaWx0ZXIiOmZhbHNlLCJzaG93TG9jYXRpb25GaWx0ZXIiOmZhbHNlLCJzaG93RW1wbG95bWVudFR5cGVGaWx0ZXIiOmZhbHNlLCJsYW5ndWFnZSI6ImRlIiwiam9ic1BlclBhZ2UiOjI1fSwiam9icyI6e30sImRlc2lnbiI6eyJzaG93TG9nbyI6dHJ1ZSwic2hvd0xvY2F0aW9uIjp0cnVlLCJzaG93RW1wbG95bWVudFR5cGUiOnRydWUsInNob3dDYXRlZ29yeSI6dHJ1ZSwiY29sb3JzIjp7IndpZGdldCI6eyJiYWNrZ3JvdW5kIjoiI0ZGRkZGRiIsImZpbHRlckJvcmRlciI6IiNENEQ0RDgiLCJwYWdpbmF0aW9uIjoiIzI1NjNFQiJ9LCJqb2JDYXJkIjp7InNoYWRvdyI6IiNENEQ0RDgiLCJiYWNrZ3JvdW5kIjoiI0ZGRkZGRiIsInByaW1hcnlUZXh0IjoiIzNGM0Y0NiIsInNlY29uZGFyeVRleHQiOiIjNTI1MjVCIn19fSwidmVyc2lvbiI6MiwiY29tcGFueVB1YmxpY0lkIjoiNTFhZmQyMjA5NTMwZGEyMjU1NzBiMjM2ZGFlMzBlZTgiLCJpYXQiOjE2ODg2MzI5MTEsImp0aSI6IjA1YzM0MjM1LTI3M2MtNDk0Yi05M2JhLTFlMTkwMjY0NzQ3YiJ9.TvtaP8m5JlgZB6bOvT39k9wm8_sP__EwJqBGl200vfU\"\n        ><\/script>\n      <\/div>\t\t\t\t<\/div>\n\t\t\t\t<\/div>\n\t\t\t\t\t<\/div>\n\t\t<\/div>\n\t\t\t\t\t<\/div>\n\t\t<\/section>\n\t\t\t\t<\/div>\n\t\t","protected":false},"excerpt":{"rendered":"<p>Uni fertig? Wir machen dich zum Berater Business Intelligence (m\/w\/d) mit 50% mehr Wochenende! Daten und Zahlen sind deine Leidenschaft? Dann wirst du mit uns gemeinsam erfolgreich sein, denn Informationen sind das Gold des 21. Jahrhunderts. Wir schaffen bei renommierten Kunden Transparenz, indem wir Datenauswertungen automatisieren. Aufgaben Unsere Kunden haben ganz viele Daten, und du [&hellip;]<\/p>\n","protected":false},"author":4,"featured_media":0,"parent":0,"menu_order":0,"comment_status":"closed","ping_status":"closed","template":"elementor_theme","meta":{"footnotes":""},"class_list":["post-2","page","type-page","status-publish","hentry"],"_links":{"self":[{"href":"https:\/\/data4success.de\/en\/wp-json\/wp\/v2\/pages\/2","targetHints":{"allow":["GET"]}}],"collection":[{"href":"https:\/\/data4success.de\/en\/wp-json\/wp\/v2\/pages"}],"about":[{"href":"https:\/\/data4success.de\/en\/wp-json\/wp\/v2\/types\/page"}],"author":[{"embeddable":true,"href":"https:\/\/data4success.de\/en\/wp-json\/wp\/v2\/users\/4"}],"replies":[{"embeddable":true,"href":"https:\/\/data4success.de\/en\/wp-json\/wp\/v2\/comments?post=2"}],"version-history":[{"count":17,"href":"https:\/\/data4success.de\/en\/wp-json\/wp\/v2\/pages\/2\/revisions"}],"predecessor-version":[{"id":3138,"href":"https:\/\/data4success.de\/en\/wp-json\/wp\/v2\/pages\/2\/revisions\/3138"}],"wp:attachment":[{"href":"https:\/\/data4success.de\/en\/wp-json\/wp\/v2\/media?parent=2"}],"curies":[{"name":"wp","href":"https:\/\/api.w.org\/{rel}","templated":true}]}}